{"id":1993,"date":"2025-07-29T15:34:02","date_gmt":"2025-07-29T11:34:02","guid":{"rendered":"https:\/\/gccgrandtoursvisa.com\/application\/"},"modified":"2025-09-04T17:12:56","modified_gmt":"2025-09-04T13:12:56","slug":"application","status":"publish","type":"page","link":"https:\/\/gccgrandtoursvisa.com\/fr\/application\/","title":{"rendered":"Demande de visa GCC Grand Tours"},"content":{"rendered":"","protected":false},"excerpt":{"rendered":"","protected":false},"author":4,"featured_media":0,"parent":0,"menu_order":0,"comment_status":"closed","ping_status":"closed","template":"template-application.php","meta":{"_acf_changed":false,"inline_featured_image":false,"footnotes":""},"class_list":["post-1993","page","type-page","status-publish","hentry"],"acf":[],"yoast_head":"<!-- This site is optimized with the Yoast SEO Premium plugin v24.0 (Yoast SEO v24.0) - https:\/\/yoast.com\/wordpress\/plugins\/seo\/ -->\n<title>Demande de visa GCC Grand Tours : mises \u00e0 jour 2025<\/title>\n<meta name=\"description\" content=\"Votre guide complet sur le processus de demande de visa GCC Grand Tours. D\u00e9couvrez les derni\u00e8res mises \u00e0 jour relatives aux visas GCC, notamment les conditions d&#039;\u00e9ligibilit\u00e9, les documents requis, les d\u00e9lais de traitement et les conseils pour remplir votre demande.\" \/>\n<meta name=\"robots\" content=\"index, follow, max-snippet:-1, max-image-preview:large, max-video-preview:-1\" \/>\n<link rel=\"canonical\" href=\"https:\/\/gccgrandtoursvisa.com\/fr\/application\/\" \/>\n<meta property=\"og:locale\" content=\"fr_FR\" \/>\n<meta property=\"og:type\" content=\"article\" \/>\n<meta property=\"og:title\" content=\"Demande de visa GCC Grand Tours : mises \u00e0 jour 2025\" \/>\n<meta property=\"og:description\" content=\"Votre guide complet sur le processus de demande de visa GCC Grand Tours. D\u00e9couvrez les derni\u00e8res mises \u00e0 jour relatives aux visas GCC, notamment les conditions d&#039;\u00e9ligibilit\u00e9, les documents requis, les d\u00e9lais de traitement et les conseils pour remplir votre demande.\" \/>\n<meta property=\"og:url\" content=\"https:\/\/gccgrandtoursvisa.com\/fr\/application\/\" \/>\n<meta property=\"og:site_name\" content=\"GCCGrandToursVisa.com\" \/>\n<meta property=\"article:modified_time\" content=\"2025-09-04T13:12:56+00:00\" \/>\n<meta name=\"twitter:card\" content=\"summary_large_image\" \/>\n<meta name=\"twitter:title\" content=\"Demande de visa GCC Grand Tours\" \/>\n<script type=\"application\/ld+json\" class=\"yoast-schema-graph\">{\"@context\":\"https:\/\/schema.org\",\"@graph\":[{\"@type\":\"WebPage\",\"@id\":\"https:\/\/gccgrandtoursvisa.com\/fr\/application\/\",\"url\":\"https:\/\/gccgrandtoursvisa.com\/fr\/application\/\",\"name\":\"Demande de visa GCC Grand Tours : mises \u00e0 jour 2025\",\"isPartOf\":{\"@id\":\"https:\/\/gccgrandtoursvisa.com\/fr\/#website\"},\"datePublished\":\"2025-07-29T11:34:02+00:00\",\"dateModified\":\"2025-09-04T13:12:56+00:00\",\"description\":\"Votre guide complet sur le processus de demande de visa GCC Grand Tours. D\u00e9couvrez les derni\u00e8res mises \u00e0 jour relatives aux visas GCC, notamment les conditions d'\u00e9ligibilit\u00e9, les documents requis, les d\u00e9lais de traitement et les conseils pour remplir votre demande.\",\"breadcrumb\":{\"@id\":\"https:\/\/gccgrandtoursvisa.com\/fr\/application\/#breadcrumb\"},\"inLanguage\":\"fr-FR\",\"potentialAction\":[{\"@type\":\"ReadAction\",\"target\":[\"https:\/\/gccgrandtoursvisa.com\/fr\/application\/\"]}]},{\"@type\":\"BreadcrumbList\",\"@id\":\"https:\/\/gccgrandtoursvisa.com\/fr\/application\/#breadcrumb\",\"itemListElement\":[{\"@type\":\"ListItem\",\"position\":1,\"name\":\"Home\",\"item\":\"https:\/\/gccgrandtoursvisa.com\/fr\/\"},{\"@type\":\"ListItem\",\"position\":2,\"name\":\"Demande de visa GCC Grand Tours\"}]},{\"@type\":\"WebSite\",\"@id\":\"https:\/\/gccgrandtoursvisa.com\/fr\/#website\",\"url\":\"https:\/\/gccgrandtoursvisa.com\/fr\/\",\"name\":\"GCCGrandToursVisa.com\",\"description\":\"\",\"potentialAction\":[{\"@type\":\"SearchAction\",\"target\":{\"@type\":\"EntryPoint\",\"urlTemplate\":\"https:\/\/gccgrandtoursvisa.com\/fr\/?s={search_term_string}\"},\"query-input\":{\"@type\":\"PropertyValueSpecification\",\"valueRequired\":true,\"valueName\":\"search_term_string\"}}],\"inLanguage\":\"fr-FR\"}]}<\/script>\n<!-- \/ Yoast SEO Premium plugin. -->","yoast_head_json":{"title":"Demande de visa GCC Grand Tours : mises \u00e0 jour 2025","description":"Votre guide complet sur le processus de demande de visa GCC Grand Tours. D\u00e9couvrez les derni\u00e8res mises \u00e0 jour relatives aux visas GCC, notamment les conditions d'\u00e9ligibilit\u00e9, les documents requis, les d\u00e9lais de traitement et les conseils pour remplir votre demande.","robots":{"index":"index","follow":"follow","max-snippet":"max-snippet:-1","max-image-preview":"max-image-preview:large","max-video-preview":"max-video-preview:-1"},"canonical":"https:\/\/gccgrandtoursvisa.com\/fr\/application\/","og_locale":"fr_FR","og_type":"article","og_title":"Demande de visa GCC Grand Tours : mises \u00e0 jour 2025","og_description":"Votre guide complet sur le processus de demande de visa GCC Grand Tours. D\u00e9couvrez les derni\u00e8res mises \u00e0 jour relatives aux visas GCC, notamment les conditions d'\u00e9ligibilit\u00e9, les documents requis, les d\u00e9lais de traitement et les conseils pour remplir votre demande.","og_url":"https:\/\/gccgrandtoursvisa.com\/fr\/application\/","og_site_name":"GCCGrandToursVisa.com","article_modified_time":"2025-09-04T13:12:56+00:00","twitter_card":"summary_large_image","twitter_title":"Demande de visa GCC Grand Tours","schema":{"@context":"https:\/\/schema.org","@graph":[{"@type":"WebPage","@id":"https:\/\/gccgrandtoursvisa.com\/fr\/application\/","url":"https:\/\/gccgrandtoursvisa.com\/fr\/application\/","name":"Demande de visa GCC Grand Tours : mises \u00e0 jour 2025","isPartOf":{"@id":"https:\/\/gccgrandtoursvisa.com\/fr\/#website"},"datePublished":"2025-07-29T11:34:02+00:00","dateModified":"2025-09-04T13:12:56+00:00","description":"Votre guide complet sur le processus de demande de visa GCC Grand Tours. D\u00e9couvrez les derni\u00e8res mises \u00e0 jour relatives aux visas GCC, notamment les conditions d'\u00e9ligibilit\u00e9, les documents requis, les d\u00e9lais de traitement et les conseils pour remplir votre demande.","breadcrumb":{"@id":"https:\/\/gccgrandtoursvisa.com\/fr\/application\/#breadcrumb"},"inLanguage":"fr-FR","potentialAction":[{"@type":"ReadAction","target":["https:\/\/gccgrandtoursvisa.com\/fr\/application\/"]}]},{"@type":"BreadcrumbList","@id":"https:\/\/gccgrandtoursvisa.com\/fr\/application\/#breadcrumb","itemListElement":[{"@type":"ListItem","position":1,"name":"Home","item":"https:\/\/gccgrandtoursvisa.com\/fr\/"},{"@type":"ListItem","position":2,"name":"Demande de visa GCC Grand Tours"}]},{"@type":"WebSite","@id":"https:\/\/gccgrandtoursvisa.com\/fr\/#website","url":"https:\/\/gccgrandtoursvisa.com\/fr\/","name":"GCCGrandToursVisa.com","description":"","potentialAction":[{"@type":"SearchAction","target":{"@type":"EntryPoint","urlTemplate":"https:\/\/gccgrandtoursvisa.com\/fr\/?s={search_term_string}"},"query-input":{"@type":"PropertyValueSpecification","valueRequired":true,"valueName":"search_term_string"}}],"inLanguage":"fr-FR"}]}},"_links":{"self":[{"href":"https:\/\/gccgrandtoursvisa.com\/fr\/wp-json\/wp\/v2\/pages\/1993","targetHints":{"allow":["GET"]}}],"collection":[{"href":"https:\/\/gccgrandtoursvisa.com\/fr\/wp-json\/wp\/v2\/pages"}],"about":[{"href":"https:\/\/gccgrandtoursvisa.com\/fr\/wp-json\/wp\/v2\/types\/page"}],"author":[{"embeddable":true,"href":"https:\/\/gccgrandtoursvisa.com\/fr\/wp-json\/wp\/v2\/users\/4"}],"replies":[{"embeddable":true,"href":"https:\/\/gccgrandtoursvisa.com\/fr\/wp-json\/wp\/v2\/comments?post=1993"}],"version-history":[{"count":2,"href":"https:\/\/gccgrandtoursvisa.com\/fr\/wp-json\/wp\/v2\/pages\/1993\/revisions"}],"predecessor-version":[{"id":1995,"href":"https:\/\/gccgrandtoursvisa.com\/fr\/wp-json\/wp\/v2\/pages\/1993\/revisions\/1995"}],"wp:attachment":[{"href":"https:\/\/gccgrandtoursvisa.com\/fr\/wp-json\/wp\/v2\/media?parent=1993"}],"curies":[{"name":"wp","href":"https:\/\/api.w.org\/{rel}","templated":true}]}}