{"id":196,"date":"2024-09-04T18:20:38","date_gmt":"2024-09-04T14:20:38","guid":{"rendered":"https:\/\/gccgrandtoursvisa.com\/contact\/"},"modified":"2024-09-12T16:50:18","modified_gmt":"2024-09-12T12:50:18","slug":"contact","status":"publish","type":"page","link":"https:\/\/gccgrandtoursvisa.com\/fr\/contact\/","title":{"rendered":"Contact"},"content":{"rendered":"","protected":false},"excerpt":{"rendered":"","protected":false},"author":2,"featured_media":0,"parent":0,"menu_order":0,"comment_status":"closed","ping_status":"closed","template":"template-contact.php","meta":{"_acf_changed":false,"inline_featured_image":false,"footnotes":""},"class_list":["post-196","page","type-page","status-publish","hentry"],"acf":[],"yoast_head":"<!-- This site is optimized with the Yoast SEO Premium plugin v24.0 (Yoast SEO v24.0) - https:\/\/yoast.com\/wordpress\/plugins\/seo\/ -->\n<title>Contact | GCCGrandToursVisa.com<\/title>\n<meta name=\"description\" content=\"D\u00e9couvrez les mises \u00e0 jour 2024 sur le visa touristique unifi\u00e9 du CCG, notamment les prix et les r\u00e9glementations relatifs aux GCC Grand Tours , afin d&#039;am\u00e9liorer votre exp\u00e9rience de voyage dans les pays du CCG.\" \/>\n<meta name=\"robots\" content=\"index, follow, max-snippet:-1, max-image-preview:large, max-video-preview:-1\" \/>\n<link rel=\"canonical\" href=\"https:\/\/gccgrandtoursvisa.com\/fr\/contact\/\" \/>\n<meta property=\"og:locale\" content=\"fr_FR\" \/>\n<meta property=\"og:type\" content=\"article\" \/>\n<meta property=\"og:title\" content=\"Contact | GCCGrandToursVisa.com\" \/>\n<meta property=\"og:description\" content=\"N&#039;h\u00e9sitez pas \u00e0 nous contacter pour toute question, ou si vous avez besoin d&#039;aide suppl\u00e9mentaire concernant votre demande de visa pour le CCG. Notre \u00e9quipe d\u00e9vou\u00e9e est \u00e0 votre disposition pour vous aider \u00e0 chaque \u00e9tape du processus.\" \/>\n<meta property=\"og:url\" content=\"https:\/\/gccgrandtoursvisa.com\/fr\/contact\/\" \/>\n<meta property=\"og:site_name\" content=\"GCCGrandToursVisa.com\" \/>\n<meta property=\"article:modified_time\" content=\"2024-09-12T12:50:18+00:00\" \/>\n<meta property=\"og:image\" content=\"https:\/\/gccgrandtoursvisa.com\/wp-content\/uploads\/2024\/08\/Desert.webp\" \/>\n\t<meta property=\"og:image:width\" content=\"2464\" \/>\n\t<meta property=\"og:image:height\" content=\"1214\" \/>\n\t<meta property=\"og:image:type\" content=\"image\/webp\" \/>\n<meta name=\"twitter:card\" content=\"summary_large_image\" \/>\n<meta name=\"twitter:title\" content=\"Contact\" \/>\n<script type=\"application\/ld+json\" class=\"yoast-schema-graph\">{\"@context\":\"https:\/\/schema.org\",\"@graph\":[{\"@type\":\"WebPage\",\"@id\":\"https:\/\/gccgrandtoursvisa.com\/fr\/contact\/\",\"url\":\"https:\/\/gccgrandtoursvisa.com\/fr\/contact\/\",\"name\":\"Contact | GCCGrandToursVisa.com\",\"isPartOf\":{\"@id\":\"https:\/\/gccgrandtoursvisa.com\/fr\/#website\"},\"datePublished\":\"2024-09-04T14:20:38+00:00\",\"dateModified\":\"2024-09-12T12:50:18+00:00\",\"description\":\"D\u00e9couvrez les mises \u00e0 jour 2024 sur le visa touristique unifi\u00e9 du CCG, notamment les prix et les r\u00e9glementations relatifs aux GCC Grand Tours , afin d'am\u00e9liorer votre exp\u00e9rience de voyage dans les pays du CCG.\",\"breadcrumb\":{\"@id\":\"https:\/\/gccgrandtoursvisa.com\/fr\/contact\/#breadcrumb\"},\"inLanguage\":\"fr-FR\",\"potentialAction\":[{\"@type\":\"ReadAction\",\"target\":[\"https:\/\/gccgrandtoursvisa.com\/fr\/contact\/\"]}]},{\"@type\":\"BreadcrumbList\",\"@id\":\"https:\/\/gccgrandtoursvisa.com\/fr\/contact\/#breadcrumb\",\"itemListElement\":[{\"@type\":\"ListItem\",\"position\":1,\"name\":\"Home\",\"item\":\"https:\/\/gccgrandtoursvisa.com\/fr\/\"},{\"@type\":\"ListItem\",\"position\":2,\"name\":\"Contact\"}]},{\"@type\":\"WebSite\",\"@id\":\"https:\/\/gccgrandtoursvisa.com\/fr\/#website\",\"url\":\"https:\/\/gccgrandtoursvisa.com\/fr\/\",\"name\":\"GCCGrandToursVisa.com\",\"description\":\"\",\"potentialAction\":[{\"@type\":\"SearchAction\",\"target\":{\"@type\":\"EntryPoint\",\"urlTemplate\":\"https:\/\/gccgrandtoursvisa.com\/fr\/?s={search_term_string}\"},\"query-input\":{\"@type\":\"PropertyValueSpecification\",\"valueRequired\":true,\"valueName\":\"search_term_string\"}}],\"inLanguage\":\"fr-FR\"}]}<\/script>\n<!-- \/ Yoast SEO Premium plugin. -->","yoast_head_json":{"title":"Contact | GCCGrandToursVisa.com","description":"D\u00e9couvrez les mises \u00e0 jour 2024 sur le visa touristique unifi\u00e9 du CCG, notamment les prix et les r\u00e9glementations relatifs aux GCC Grand Tours , afin d'am\u00e9liorer votre exp\u00e9rience de voyage dans les pays du CCG.","robots":{"index":"index","follow":"follow","max-snippet":"max-snippet:-1","max-image-preview":"max-image-preview:large","max-video-preview":"max-video-preview:-1"},"canonical":"https:\/\/gccgrandtoursvisa.com\/fr\/contact\/","og_locale":"fr_FR","og_type":"article","og_title":"Contact | GCCGrandToursVisa.com","og_description":"N'h\u00e9sitez pas \u00e0 nous contacter pour toute question, ou si vous avez besoin d'aide suppl\u00e9mentaire concernant votre demande de visa pour le CCG. Notre \u00e9quipe d\u00e9vou\u00e9e est \u00e0 votre disposition pour vous aider \u00e0 chaque \u00e9tape du processus.","og_url":"https:\/\/gccgrandtoursvisa.com\/fr\/contact\/","og_site_name":"GCCGrandToursVisa.com","article_modified_time":"2024-09-12T12:50:18+00:00","og_image":[{"width":2464,"height":1214,"url":"https:\/\/gccgrandtoursvisa.com\/wp-content\/uploads\/2024\/08\/Desert.webp","type":"image\/webp"}],"twitter_card":"summary_large_image","twitter_title":"Contact","schema":{"@context":"https:\/\/schema.org","@graph":[{"@type":"WebPage","@id":"https:\/\/gccgrandtoursvisa.com\/fr\/contact\/","url":"https:\/\/gccgrandtoursvisa.com\/fr\/contact\/","name":"Contact | GCCGrandToursVisa.com","isPartOf":{"@id":"https:\/\/gccgrandtoursvisa.com\/fr\/#website"},"datePublished":"2024-09-04T14:20:38+00:00","dateModified":"2024-09-12T12:50:18+00:00","description":"D\u00e9couvrez les mises \u00e0 jour 2024 sur le visa touristique unifi\u00e9 du CCG, notamment les prix et les r\u00e9glementations relatifs aux GCC Grand Tours , afin d'am\u00e9liorer votre exp\u00e9rience de voyage dans les pays du CCG.","breadcrumb":{"@id":"https:\/\/gccgrandtoursvisa.com\/fr\/contact\/#breadcrumb"},"inLanguage":"fr-FR","potentialAction":[{"@type":"ReadAction","target":["https:\/\/gccgrandtoursvisa.com\/fr\/contact\/"]}]},{"@type":"BreadcrumbList","@id":"https:\/\/gccgrandtoursvisa.com\/fr\/contact\/#breadcrumb","itemListElement":[{"@type":"ListItem","position":1,"name":"Home","item":"https:\/\/gccgrandtoursvisa.com\/fr\/"},{"@type":"ListItem","position":2,"name":"Contact"}]},{"@type":"WebSite","@id":"https:\/\/gccgrandtoursvisa.com\/fr\/#website","url":"https:\/\/gccgrandtoursvisa.com\/fr\/","name":"GCCGrandToursVisa.com","description":"","potentialAction":[{"@type":"SearchAction","target":{"@type":"EntryPoint","urlTemplate":"https:\/\/gccgrandtoursvisa.com\/fr\/?s={search_term_string}"},"query-input":{"@type":"PropertyValueSpecification","valueRequired":true,"valueName":"search_term_string"}}],"inLanguage":"fr-FR"}]}},"_links":{"self":[{"href":"https:\/\/gccgrandtoursvisa.com\/fr\/wp-json\/wp\/v2\/pages\/196","targetHints":{"allow":["GET"]}}],"collection":[{"href":"https:\/\/gccgrandtoursvisa.com\/fr\/wp-json\/wp\/v2\/pages"}],"about":[{"href":"https:\/\/gccgrandtoursvisa.com\/fr\/wp-json\/wp\/v2\/types\/page"}],"author":[{"embeddable":true,"href":"https:\/\/gccgrandtoursvisa.com\/fr\/wp-json\/wp\/v2\/users\/2"}],"replies":[{"embeddable":true,"href":"https:\/\/gccgrandtoursvisa.com\/fr\/wp-json\/wp\/v2\/comments?post=196"}],"version-history":[{"count":2,"href":"https:\/\/gccgrandtoursvisa.com\/fr\/wp-json\/wp\/v2\/pages\/196\/revisions"}],"predecessor-version":[{"id":280,"href":"https:\/\/gccgrandtoursvisa.com\/fr\/wp-json\/wp\/v2\/pages\/196\/revisions\/280"}],"wp:attachment":[{"href":"https:\/\/gccgrandtoursvisa.com\/fr\/wp-json\/wp\/v2\/media?parent=196"}],"curies":[{"name":"wp","href":"https:\/\/api.w.org\/{rel}","templated":true}]}}