{"id":260,"date":"2024-09-12T12:38:52","date_gmt":"2024-09-12T08:38:52","guid":{"rendered":"https:\/\/gccgrandtoursvisa.com\/gcc-grand-tours-visa\/"},"modified":"2024-09-12T16:31:39","modified_gmt":"2024-09-12T12:31:39","slug":"gcc-grand-tours-visa","status":"publish","type":"page","link":"https:\/\/gccgrandtoursvisa.com\/es\/","title":{"rendered":"GCC Grand Tours Visa"},"content":{"rendered":"","protected":false},"excerpt":{"rendered":"","protected":false},"author":1,"featured_media":0,"parent":0,"menu_order":0,"comment_status":"closed","ping_status":"closed","template":"template-home.php","meta":{"_acf_changed":false,"inline_featured_image":false,"footnotes":""},"class_list":["post-260","page","type-page","status-publish","hentry"],"acf":[],"yoast_head":"<!-- This site is optimized with the Yoast SEO Premium plugin v24.0 (Yoast SEO v24.0) - https:\/\/yoast.com\/wordpress\/plugins\/seo\/ -->\n<title>Visado para grandes viajes por los CCG: Informaci\u00f3n actualizada sobre el nuevo visado unificado | GCCGrandToursVisa.com<\/title>\n<meta name=\"description\" content=\"Explore las actualizaciones 2024 del visado tur\u00edstico unificado para los CCG, incluyendo la informaci\u00f3n sobre sus costes y legislaci\u00f3n que rodea el GCC Grand Tours, y as\u00ed elevar su experiencia de viaje a trav\u00e9s de los pa\u00edses pertenecientes al CGG.\" \/>\n<meta name=\"robots\" content=\"index, follow, max-snippet:-1, max-image-preview:large, max-video-preview:-1\" \/>\n<link rel=\"canonical\" href=\"https:\/\/gccgrandtoursvisa.com\/es\/\" \/>\n<meta property=\"og:locale\" content=\"es_ES\" \/>\n<meta property=\"og:type\" content=\"article\" \/>\n<meta property=\"og:title\" content=\"Visado para grandes viajes por los CCG: Informaci\u00f3n actualizada sobre el nuevo visado unificado | GCCGrandToursVisa.com\" \/>\n<meta property=\"og:description\" content=\"Explore las actualizaciones 2024 del visado tur\u00edstico unificado para los CCG, incluyendo la informaci\u00f3n sobre sus costes y legislaci\u00f3n que rodea el GCC Grand Tours, y as\u00ed elevar su experiencia de viaje a trav\u00e9s de los pa\u00edses pertenecientes al CGG.\" \/>\n<meta property=\"og:url\" content=\"https:\/\/gccgrandtoursvisa.com\/es\/\" \/>\n<meta property=\"og:site_name\" content=\"GCCGrandToursVisa.com\" \/>\n<meta property=\"article:modified_time\" content=\"2024-09-12T12:31:39+00:00\" \/>\n<meta property=\"og:image\" content=\"https:\/\/gccgrandtoursvisa.com\/wp-content\/uploads\/2024\/08\/Desert.webp\" \/>\n\t<meta property=\"og:image:width\" content=\"2464\" \/>\n\t<meta property=\"og:image:height\" content=\"1214\" \/>\n\t<meta property=\"og:image:type\" content=\"image\/webp\" \/>\n<meta name=\"twitter:card\" content=\"summary_large_image\" \/>\n<meta name=\"twitter:title\" content=\"Visado para grandes viajes por los CCG: Informaci\u00f3n actualizada sobre el nuevo visado unificado | GCCGrandToursVisa.com\" \/>\n<meta name=\"twitter:description\" content=\"Explore las actualizaciones 2024 del visado tur\u00edstico unificado para los CCG, incluyendo la informaci\u00f3n sobre sus costes y legislaci\u00f3n que rodea el GCC Grand Tours, y as\u00ed elevar su experiencia de viaje a trav\u00e9s de los pa\u00edses pertenecientes al CGG.\" \/>\n<script type=\"application\/ld+json\" class=\"yoast-schema-graph\">{\"@context\":\"https:\/\/schema.org\",\"@graph\":[{\"@type\":\"WebPage\",\"@id\":\"https:\/\/gccgrandtoursvisa.com\/es\/\",\"url\":\"https:\/\/gccgrandtoursvisa.com\/es\/\",\"name\":\"Visado para grandes viajes por los CCG: Informaci\u00f3n actualizada sobre el nuevo visado unificado | GCCGrandToursVisa.com\",\"isPartOf\":{\"@id\":\"https:\/\/gccgrandtoursvisa.com\/es\/#website\"},\"datePublished\":\"2024-09-12T08:38:52+00:00\",\"dateModified\":\"2024-09-12T12:31:39+00:00\",\"description\":\"Explore las actualizaciones 2024 del visado tur\u00edstico unificado para los CCG, incluyendo la informaci\u00f3n sobre sus costes y legislaci\u00f3n que rodea el GCC Grand Tours, y as\u00ed elevar su experiencia de viaje a trav\u00e9s de los pa\u00edses pertenecientes al CGG.\",\"breadcrumb\":{\"@id\":\"https:\/\/gccgrandtoursvisa.com\/es\/#breadcrumb\"},\"inLanguage\":\"es\",\"potentialAction\":[{\"@type\":\"ReadAction\",\"target\":[\"https:\/\/gccgrandtoursvisa.com\/es\/\"]}]},{\"@type\":\"BreadcrumbList\",\"@id\":\"https:\/\/gccgrandtoursvisa.com\/es\/#breadcrumb\",\"itemListElement\":[{\"@type\":\"ListItem\",\"position\":1,\"name\":\"Home\",\"item\":\"https:\/\/gccgrandtoursvisa.com\/es\/\"},{\"@type\":\"ListItem\",\"position\":2,\"name\":\"GCC Grand Tours Visa\"}]},{\"@type\":\"WebSite\",\"@id\":\"https:\/\/gccgrandtoursvisa.com\/es\/#website\",\"url\":\"https:\/\/gccgrandtoursvisa.com\/es\/\",\"name\":\"GCCGrandToursVisa.com\",\"description\":\"\",\"potentialAction\":[{\"@type\":\"SearchAction\",\"target\":{\"@type\":\"EntryPoint\",\"urlTemplate\":\"https:\/\/gccgrandtoursvisa.com\/es\/?s={search_term_string}\"},\"query-input\":{\"@type\":\"PropertyValueSpecification\",\"valueRequired\":true,\"valueName\":\"search_term_string\"}}],\"inLanguage\":\"es\"}]}<\/script>\n<!-- \/ Yoast SEO Premium plugin. -->","yoast_head_json":{"title":"Visado para grandes viajes por los CCG: Informaci\u00f3n actualizada sobre el nuevo visado unificado | GCCGrandToursVisa.com","description":"Explore las actualizaciones 2024 del visado tur\u00edstico unificado para los CCG, incluyendo la informaci\u00f3n sobre sus costes y legislaci\u00f3n que rodea el GCC Grand Tours, y as\u00ed elevar su experiencia de viaje a trav\u00e9s de los pa\u00edses pertenecientes al CGG.","robots":{"index":"index","follow":"follow","max-snippet":"max-snippet:-1","max-image-preview":"max-image-preview:large","max-video-preview":"max-video-preview:-1"},"canonical":"https:\/\/gccgrandtoursvisa.com\/es\/","og_locale":"es_ES","og_type":"article","og_title":"Visado para grandes viajes por los CCG: Informaci\u00f3n actualizada sobre el nuevo visado unificado | GCCGrandToursVisa.com","og_description":"Explore las actualizaciones 2024 del visado tur\u00edstico unificado para los CCG, incluyendo la informaci\u00f3n sobre sus costes y legislaci\u00f3n que rodea el GCC Grand Tours, y as\u00ed elevar su experiencia de viaje a trav\u00e9s de los pa\u00edses pertenecientes al CGG.","og_url":"https:\/\/gccgrandtoursvisa.com\/es\/","og_site_name":"GCCGrandToursVisa.com","article_modified_time":"2024-09-12T12:31:39+00:00","og_image":[{"width":2464,"height":1214,"url":"https:\/\/gccgrandtoursvisa.com\/wp-content\/uploads\/2024\/08\/Desert.webp","type":"image\/webp"}],"twitter_card":"summary_large_image","twitter_title":"Visado para grandes viajes por los CCG: Informaci\u00f3n actualizada sobre el nuevo visado unificado | GCCGrandToursVisa.com","twitter_description":"Explore las actualizaciones 2024 del visado tur\u00edstico unificado para los CCG, incluyendo la informaci\u00f3n sobre sus costes y legislaci\u00f3n que rodea el GCC Grand Tours, y as\u00ed elevar su experiencia de viaje a trav\u00e9s de los pa\u00edses pertenecientes al CGG.","schema":{"@context":"https:\/\/schema.org","@graph":[{"@type":"WebPage","@id":"https:\/\/gccgrandtoursvisa.com\/es\/","url":"https:\/\/gccgrandtoursvisa.com\/es\/","name":"Visado para grandes viajes por los CCG: Informaci\u00f3n actualizada sobre el nuevo visado unificado | GCCGrandToursVisa.com","isPartOf":{"@id":"https:\/\/gccgrandtoursvisa.com\/es\/#website"},"datePublished":"2024-09-12T08:38:52+00:00","dateModified":"2024-09-12T12:31:39+00:00","description":"Explore las actualizaciones 2024 del visado tur\u00edstico unificado para los CCG, incluyendo la informaci\u00f3n sobre sus costes y legislaci\u00f3n que rodea el GCC Grand Tours, y as\u00ed elevar su experiencia de viaje a trav\u00e9s de los pa\u00edses pertenecientes al CGG.","breadcrumb":{"@id":"https:\/\/gccgrandtoursvisa.com\/es\/#breadcrumb"},"inLanguage":"es","potentialAction":[{"@type":"ReadAction","target":["https:\/\/gccgrandtoursvisa.com\/es\/"]}]},{"@type":"BreadcrumbList","@id":"https:\/\/gccgrandtoursvisa.com\/es\/#breadcrumb","itemListElement":[{"@type":"ListItem","position":1,"name":"Home","item":"https:\/\/gccgrandtoursvisa.com\/es\/"},{"@type":"ListItem","position":2,"name":"GCC Grand Tours Visa"}]},{"@type":"WebSite","@id":"https:\/\/gccgrandtoursvisa.com\/es\/#website","url":"https:\/\/gccgrandtoursvisa.com\/es\/","name":"GCCGrandToursVisa.com","description":"","potentialAction":[{"@type":"SearchAction","target":{"@type":"EntryPoint","urlTemplate":"https:\/\/gccgrandtoursvisa.com\/es\/?s={search_term_string}"},"query-input":{"@type":"PropertyValueSpecification","valueRequired":true,"valueName":"search_term_string"}}],"inLanguage":"es"}]}},"_links":{"self":[{"href":"https:\/\/gccgrandtoursvisa.com\/es\/wp-json\/wp\/v2\/pages\/260","targetHints":{"allow":["GET"]}}],"collection":[{"href":"https:\/\/gccgrandtoursvisa.com\/es\/wp-json\/wp\/v2\/pages"}],"about":[{"href":"https:\/\/gccgrandtoursvisa.com\/es\/wp-json\/wp\/v2\/types\/page"}],"author":[{"embeddable":true,"href":"https:\/\/gccgrandtoursvisa.com\/es\/wp-json\/wp\/v2\/users\/1"}],"replies":[{"embeddable":true,"href":"https:\/\/gccgrandtoursvisa.com\/es\/wp-json\/wp\/v2\/comments?post=260"}],"version-history":[{"count":3,"href":"https:\/\/gccgrandtoursvisa.com\/es\/wp-json\/wp\/v2\/pages\/260\/revisions"}],"predecessor-version":[{"id":277,"href":"https:\/\/gccgrandtoursvisa.com\/es\/wp-json\/wp\/v2\/pages\/260\/revisions\/277"}],"wp:attachment":[{"href":"https:\/\/gccgrandtoursvisa.com\/es\/wp-json\/wp\/v2\/media?parent=260"}],"curies":[{"name":"wp","href":"https:\/\/api.w.org\/{rel}","templated":true}]}}